{"id":9,"date":"2020-01-31T16:22:41","date_gmt":"2020-01-31T15:22:41","guid":{"rendered":"https:\/\/kalinowice.schoolpage.pl\/?page_id=9"},"modified":"2021-03-14T18:27:57","modified_gmt":"2021-03-14T17:27:57","slug":"glowna","status":"publish","type":"page","link":"https:\/\/kalinowice.schoolpage.pl\/","title":{"rendered":"G\u0142\u00f3wna"},"content":{"rendered":"\n<p class=\"has-text-align-center has-vivid-cyan-blue-color has-text-color has-medium-font-size\"><strong>Serdecznie witamy na stronie internetowej naszego przedszkola. Odt\u0105d b\u0119dziemy widoczni pod adresem: www.kalinowice.schoolpage.pl<\/strong><\/p>\n\n\n\n\n","protected":false},"excerpt":{"rendered":"<p>Serdecznie witamy na stronie internetowej naszego przedszkola. Odt\u0105d b\u0119dziemy widoczni pod adresem: www.kalinowice.schoolpage.pl<\/p>\n","protected":false},"author":1,"featured_media":0,"parent":0,"menu_order":0,"comment_status":"closed","ping_status":"closed","template":"","meta":{"footnotes":""},"class_list":["post-9","page","type-page","status-publish","hentry"],"yoast_head":"<!-- This site is optimized with the Yoast SEO plugin v27.6 - https:\/\/yoast.com\/product\/yoast-seo-wordpress\/ -->\n<title>G\u0142\u00f3wna - Przedszkole w Kalinowicach<\/title>\n<meta name=\"robots\" content=\"index, follow, max-snippet:-1, max-image-preview:large, max-video-preview:-1\" \/>\n<link rel=\"canonical\" href=\"https:\/\/kalinowice.schoolpage.pl\/\" \/>\n<meta property=\"og:locale\" content=\"pl_PL\" \/>\n<meta property=\"og:type\" content=\"article\" \/>\n<meta property=\"og:title\" content=\"G\u0142\u00f3wna - Przedszkole w Kalinowicach\" \/>\n<meta property=\"og:description\" content=\"Serdecznie witamy na stronie internetowej naszego przedszkola. Odt\u0105d b\u0119dziemy widoczni pod adresem: www.kalinowice.schoolpage.pl\" \/>\n<meta property=\"og:url\" content=\"https:\/\/kalinowice.schoolpage.pl\/\" \/>\n<meta property=\"og:site_name\" content=\"Przedszkole w Kalinowicach\" \/>\n<meta property=\"article:modified_time\" content=\"2021-03-14T17:27:57+00:00\" \/>\n<meta name=\"twitter:card\" content=\"summary_large_image\" \/>\n<script type=\"application\/ld+json\" class=\"yoast-schema-graph\">{\"@context\":\"https:\\\/\\\/schema.org\",\"@graph\":[{\"@type\":\"WebPage\",\"@id\":\"https:\\\/\\\/kalinowice.schoolpage.pl\\\/\",\"url\":\"https:\\\/\\\/kalinowice.schoolpage.pl\\\/\",\"name\":\"G\u0142\u00f3wna - Przedszkole w Kalinowicach\",\"isPartOf\":{\"@id\":\"https:\\\/\\\/kalinowice.schoolpage.pl\\\/#website\"},\"datePublished\":\"2020-01-31T15:22:41+00:00\",\"dateModified\":\"2021-03-14T17:27:57+00:00\",\"breadcrumb\":{\"@id\":\"https:\\\/\\\/kalinowice.schoolpage.pl\\\/#breadcrumb\"},\"inLanguage\":\"pl-PL\",\"potentialAction\":[{\"@type\":\"ReadAction\",\"target\":[\"https:\\\/\\\/kalinowice.schoolpage.pl\\\/\"]}]},{\"@type\":\"BreadcrumbList\",\"@id\":\"https:\\\/\\\/kalinowice.schoolpage.pl\\\/#breadcrumb\",\"itemListElement\":[{\"@type\":\"ListItem\",\"position\":1,\"name\":\"Strona g\u0142\u00f3wna\",\"item\":\"https:\\\/\\\/kalinowice.schoolpage.pl\\\/\"},{\"@type\":\"ListItem\",\"position\":2,\"name\":\"G\u0142\u00f3wna\"}]},{\"@type\":\"WebSite\",\"@id\":\"https:\\\/\\\/kalinowice.schoolpage.pl\\\/#website\",\"url\":\"https:\\\/\\\/kalinowice.schoolpage.pl\\\/\",\"name\":\"Przedszkole w Kalinowicach\",\"description\":\"Kalinowice 148A, 22-400 Zamo\u015b\u0107\",\"potentialAction\":[{\"@type\":\"SearchAction\",\"target\":{\"@type\":\"EntryPoint\",\"urlTemplate\":\"https:\\\/\\\/kalinowice.schoolpage.pl\\\/?s={search_term_string}\"},\"query-input\":{\"@type\":\"PropertyValueSpecification\",\"valueRequired\":true,\"valueName\":\"search_term_string\"}}],\"inLanguage\":\"pl-PL\"}]}<\/script>\n<!-- \/ Yoast SEO plugin. -->","yoast_head_json":{"title":"G\u0142\u00f3wna - Przedszkole w Kalinowicach","robots":{"index":"index","follow":"follow","max-snippet":"max-snippet:-1","max-image-preview":"max-image-preview:large","max-video-preview":"max-video-preview:-1"},"canonical":"https:\/\/kalinowice.schoolpage.pl\/","og_locale":"pl_PL","og_type":"article","og_title":"G\u0142\u00f3wna - Przedszkole w Kalinowicach","og_description":"Serdecznie witamy na stronie internetowej naszego przedszkola. Odt\u0105d b\u0119dziemy widoczni pod adresem: www.kalinowice.schoolpage.pl","og_url":"https:\/\/kalinowice.schoolpage.pl\/","og_site_name":"Przedszkole w Kalinowicach","article_modified_time":"2021-03-14T17:27:57+00:00","twitter_card":"summary_large_image","schema":{"@context":"https:\/\/schema.org","@graph":[{"@type":"WebPage","@id":"https:\/\/kalinowice.schoolpage.pl\/","url":"https:\/\/kalinowice.schoolpage.pl\/","name":"G\u0142\u00f3wna - Przedszkole w Kalinowicach","isPartOf":{"@id":"https:\/\/kalinowice.schoolpage.pl\/#website"},"datePublished":"2020-01-31T15:22:41+00:00","dateModified":"2021-03-14T17:27:57+00:00","breadcrumb":{"@id":"https:\/\/kalinowice.schoolpage.pl\/#breadcrumb"},"inLanguage":"pl-PL","potentialAction":[{"@type":"ReadAction","target":["https:\/\/kalinowice.schoolpage.pl\/"]}]},{"@type":"BreadcrumbList","@id":"https:\/\/kalinowice.schoolpage.pl\/#breadcrumb","itemListElement":[{"@type":"ListItem","position":1,"name":"Strona g\u0142\u00f3wna","item":"https:\/\/kalinowice.schoolpage.pl\/"},{"@type":"ListItem","position":2,"name":"G\u0142\u00f3wna"}]},{"@type":"WebSite","@id":"https:\/\/kalinowice.schoolpage.pl\/#website","url":"https:\/\/kalinowice.schoolpage.pl\/","name":"Przedszkole w Kalinowicach","description":"Kalinowice 148A, 22-400 Zamo\u015b\u0107","potentialAction":[{"@type":"SearchAction","target":{"@type":"EntryPoint","urlTemplate":"https:\/\/kalinowice.schoolpage.pl\/?s={search_term_string}"},"query-input":{"@type":"PropertyValueSpecification","valueRequired":true,"valueName":"search_term_string"}}],"inLanguage":"pl-PL"}]}},"_links":{"self":[{"href":"https:\/\/kalinowice.schoolpage.pl\/index.php\/wp-json\/wp\/v2\/pages\/9","targetHints":{"allow":["GET"]}}],"collection":[{"href":"https:\/\/kalinowice.schoolpage.pl\/index.php\/wp-json\/wp\/v2\/pages"}],"about":[{"href":"https:\/\/kalinowice.schoolpage.pl\/index.php\/wp-json\/wp\/v2\/types\/page"}],"author":[{"embeddable":true,"href":"https:\/\/kalinowice.schoolpage.pl\/index.php\/wp-json\/wp\/v2\/users\/1"}],"replies":[{"embeddable":true,"href":"https:\/\/kalinowice.schoolpage.pl\/index.php\/wp-json\/wp\/v2\/comments?post=9"}],"version-history":[{"count":7,"href":"https:\/\/kalinowice.schoolpage.pl\/index.php\/wp-json\/wp\/v2\/pages\/9\/revisions"}],"predecessor-version":[{"id":1642,"href":"https:\/\/kalinowice.schoolpage.pl\/index.php\/wp-json\/wp\/v2\/pages\/9\/revisions\/1642"}],"wp:attachment":[{"href":"https:\/\/kalinowice.schoolpage.pl\/index.php\/wp-json\/wp\/v2\/media?parent=9"}],"curies":[{"name":"wp","href":"https:\/\/api.w.org\/{rel}","templated":true}]}}