{"id":710,"date":"2020-04-20T09:59:42","date_gmt":"2020-04-20T07:59:42","guid":{"rendered":"https:\/\/kalinowice.schoolpage.pl\/?page_id=710"},"modified":"2024-03-23T12:18:46","modified_gmt":"2024-03-23T11:18:46","slug":"ogloszenia","status":"publish","type":"page","link":"https:\/\/kalinowice.schoolpage.pl\/index.php\/ogloszenia\/","title":{"rendered":"Og\u0142oszenia"},"content":{"rendered":"\n<h2 class=\"wp-block-heading has-text-align-center\"><strong><span style=\"background-color:rgba(0, 0, 0, 0)\" class=\"has-inline-color has-vivid-green-cyan-color\">WITAMY W PRZEDSZKOLU<\/span><\/strong><span style=\"background-color:rgba(0, 0, 0, 0)\" class=\"has-inline-color has-vivid-green-cyan-color\">!<\/span><\/h2>\n\n\n\n<p class=\"has-text-align-center\"><strong>Serdecznie witamy po wakacjach wszystkich przedszkolak\u00f3w i ich rodzic\u00f3w jak i te dzieci kt\u00f3re po raz pierwszy do nas zawitaj\u0105 .<\/strong><\/p>\n\n\n\n<p class=\"has-text-align-center\"><strong>Ju\u017c 1 wrze\u015bnia<\/strong><strong>&nbsp;nasze dzieci na pierwszy dzie\u0144 zabawy w naszym przedszkolu . &nbsp;<\/strong><\/p>\n\n\n\n<p class=\"has-text-align-center\"><strong>Wszystkim Milusi\u0144skim \u017cyczymy aby czas sp\u0119dzony w przedszkolu up\u0142yn\u0105\u0142 im na weso\u0142ej i radosnej zabawie, a rodzicom udanej wsp\u00f3\u0142pracy z nasz\u0105 plac\u00f3wk\u0105 \ud83d\ude42<\/strong><\/p>\n\n\n\n<p><\/p>\n\n\n\n<p><strong>JAK U\u0141ATWI\u0106 DZIECKU START W PRZEDSZKOLU?<\/strong><\/p>\n\n\n\n<ul class=\"wp-block-list\">\n<li>Nigdy nie strasz dziecka przedszkolem.<\/li>\n<\/ul>\n\n\n\n<ul class=\"wp-block-list\">\n<li>Wprowadzaj w domu sta\u0142y rytm dnia.<\/li>\n<\/ul>\n\n\n\n<ul class=\"wp-block-list\">\n<li>Nie sk\u0142adaj obietnic, kt\u00f3rych nie mo\u017cesz wype\u0142ni\u0107 \u2013 nie m\u00f3w dziecku, \u017ce przyjdziesz po nie wcze\u015bniej, kiedy jest to nie mo\u017cliwe.<\/li>\n<\/ul>\n\n\n\n<ul class=\"wp-block-list\">\n<li>Przyzwyczajaj dziecko do urozmaiconych potraw, sko\u0144cz z rozdrabnianiem pokarm\u00f3w.<\/li>\n<\/ul>\n\n\n\n<ul class=\"wp-block-list\">\n<li>Wdra\u017caj dziecko do przestrzegania um\u00f3w i zasad.<\/li>\n<\/ul>\n\n\n\n<ul class=\"wp-block-list\">\n<li>Przyzwyczajaj do samoobs\u0142ugi, pozw\u00f3l dziecku samemu za\u0142atwia\u0107 potrzeby fizjologiczne, my\u0107 r\u0119ce, ubiera\u0107 si\u0119.<\/li>\n<\/ul>\n\n\n\n<ul class=\"wp-block-list\">\n<li>Przygotuj dla dziecka wygodny str\u00f3j do samodzielnego ubierania \u2013 dresy, spodenki lub sp\u00f3dniczka na gumk\u0119.<\/li>\n<\/ul>\n\n\n\n<p>&nbsp;&nbsp;&nbsp; W przedszkolu przede wszystkim liczy si\u0119 wygoda (Przedszkole to nie &#8222;Dom mody&#8221; , nale\u017cy liczy\u0107 si\u0119 z tym ,\u017ce dziecko mo\u017ce sie pobrudzi\u0107.)<\/p>\n\n\n\n<ul class=\"wp-block-list\">\n<li>Organizuj dziecku kontakty z r\u00f3wie\u015bnikami i innymi dzie\u0107mi.<\/li>\n<\/ul>\n\n\n\n<ul class=\"wp-block-list\">\n<li><strong>Stosuj w przedszkolu kr\u00f3tkie po\u017cegnania (stw\u00f3rzcie sw\u00f3j w\u0142asny \u201erytua\u0142\u201d). Kiedy przed\u0142u\u017casz po\u017cegnanie, dziecko cierpi d\u0142u\u017cej.<\/strong><\/li>\n<\/ul>\n\n\n\n<ul class=\"wp-block-list\">\n<li>Nie okazuj dziecku w\u0142asnych rozterek, zostawiaj\u0105c je w przedszkolu, przekazujesz mu wtedy swoje l\u0119ki.<\/li>\n<\/ul>\n\n\n\n<ul class=\"wp-block-list\">\n<li>Nie zawstydzaj nigdy dziecka i nie por\u00f3wnuj do r\u00f3wie\u015bnik\u00f3w.<\/li>\n<\/ul>\n\n\n\n<ul class=\"wp-block-list\">\n<li>Ciesz si\u0119 z jego sukces\u00f3w, a pora\u017cki traktuj, jako co\u015b naturalnego.<\/li>\n<\/ul>\n\n\n\n<ul class=\"wp-block-list\">\n<li>W razie potrzeby skorzystaj z wspieraj\u0105cej rozmowy z nauczycielem lub psychologiem , kt\u00f3ry wsp\u00f3\u0142pracuje z naszym przedszkolem.<\/li>\n<\/ul>\n\n\n\n<p><strong>DRODZY RODZICE!<\/strong><\/p>\n\n\n\n<p><strong>Pierwsze dni dziecka przedszkolu&nbsp; to prze\u017cycie dla ca\u0142ej rodziny<\/strong> \u2013 dla malucha, bo czeka go rozstanie z rodzicami i pozostanie w nowym miejscu, w\u015br\u00f3d nieznanych mu os\u00f3b, dla rodzic\u00f3w \u2013 bo ich ukochane dziecko zostaje bez ich opieku\u0144czych skrzyde\u0142, dla dziadk\u00f3w \u2013 bo jak takiego malucha zostawi\u0107 w\u015br\u00f3d obcych.<\/p>\n\n\n\n<p><strong>W pocz\u0105tkowej fazie adaptacji do przedszkola uczucia takie, jak: t\u0119sknota, l\u0119k, niepok\u00f3j, smutek s\u0105 czym\u015b naturalnym<\/strong>. Trzeba rozmawia\u0107 z dzieckiem, s\u0142ucha\u0107 tego, co ma do powiedzenia, wyja\u015bnia\u0107 mu, \u017ce mo\u017ce by\u0107 smutno i mo\u017ce t\u0119skni\u0107.<\/p>\n\n\n\n<p><strong>Okres adaptacyjny u dzieci trwa od kilku dni do kilu tygodni.<\/strong> Wcze\u015bniejsze wizyty w przedszkolu, poznanie Pa\u0144, zabawek, placu zabaw \u2013 pozwalaj\u0105 maluchowi poczu\u0107 si\u0119 pewniej, ale nie gwarantuj\u0105, \u017ce ob\u0119dzie si\u0119 bez \u0142ez. Najtrudniejsze dla dziecka b\u0119d\u0105 codzienne rozstania z rodzicami i nie da si\u0119 ich prze\u017cy\u0107 ca\u0142kiem bezbole\u015bnie. Niekt\u00f3re dzieci w pierwszych dniach pobytu w przedszkolu wcale nie p\u0142acz\u0105, bo jest to dla nich co\u015b nowego, na co czeka\u0142y. Niestety mog\u0105 zacz\u0105\u0107 p\u0142aka\u0107 przy rozstaniu po kilku dniach.<\/p>\n\n\n\n<p><strong>Na samym pocz\u0105tku bardzo wa\u017cne jest te\u017c pozytywne nastawienie rodzic\u00f3w do nowej sytuacji<\/strong>, cieszenie si\u0119, \u017ce wchodzi ono w nowy, bardzo wa\u017cny, etap w jego m\u0142odym \u017cyciu.<\/p>\n\n\n\n<p><strong>Co mo\u017ce pom\u00f3c dziecku?<\/strong><\/p>\n\n\n\n<ul class=\"wp-block-list\">\n<li>Wcze\u015bniejsze przyzwyczajanie dziecka do przebywania w nowym miejscu pod opiek\u0105 os\u00f3b trzecich, kontaktowanie dziecka z r\u00f3wie\u015bnikami, np. na placu zabaw.<\/li>\n\n\n\n<li>Uczenie dziecka poprzez zabaw\u0119 czynno\u015bci zwi\u0105zanych z samoobs\u0142ug\u0105.<\/li>\n\n\n\n<li>Informowanie dziecka o tym, \u017ce czas w przedszkolu b\u0119dzie sp\u0119dza\u0142o bez rodzic\u00f3w, w towarzystwie innych dzieci.<\/li>\n<\/ul>\n\n\n\n<p><strong>Dobre rady<\/strong><\/p>\n\n\n\n<ul class=\"wp-block-list\">\n<li>Zamiast m\u00f3wi\u0107 swojemu dziecku <strong>\u201emusisz\u201d<\/strong> powiedz: \u201e<strong>Kochanie masz ju\u017c trzy lata, jeste\u015b du\u017cy i mo\u017cesz i\u015b\u0107 do przedszkola\u201d.<\/strong><\/li>\n\n\n\n<li>Kompletuj wyprawk\u0119 wsp\u00f3lnie z dzieckiem, pozw\u00f3l uczestniczy\u0107 mu w przygotowaniach do przedszkola. Daj dziecku mo\u017cliwo\u015b\u0107 przyzwyczajenia si\u0119 w domu do nowych rzeczy, aby w przedszkolu to wszystko nie by\u0142o takie nowe, tylko znajome i \u0142atwe do rozpoznania.<\/li>\n\n\n\n<li><strong>Bardzo wa\u017cna dla poczucia bezpiecze\u0144stwa jest Wasza uczciwo\u015b\u0107 i punktualno\u015b\u0107<\/strong> \u2013 je\u015bli obieca\u0142e\u015b maluszkowi, \u017ce odbierzesz go po obiedzie, dotrzymaj s\u0142owa.<\/li>\n\n\n\n<li>Wa\u017cne jest, aby\u015b <strong>przy rozstaniach by\u0142 spokojny i pogodny<\/strong> (dziecko wyczuwa niepok\u00f3j doros\u0142ych)<\/li>\n\n\n\n<li><strong>Nie przed\u0142u\u017caj rozstania w szatni;<\/strong> najlepiej stworzy\u0107 sobie \u201erytua\u0142\u201d \u2013 np. dwa buziaki i u\u015bcisk i dziecko idzie do swojej pani. Kilka dni powt\u00f3rze\u0144&nbsp; i maluszek poczuje si\u0119 pewniej.<\/li>\n\n\n\n<li><strong>Nie zabieraj dziecka do domu, kiedy p\u0142acze przy rozstaniu<\/strong>; je\u017celi zrobisz to chocia\u017cby raz, to dziecko b\u0119dzie ju\u017c wiedzia\u0142o, \u017ce \u0142zami mo\u017cna wszystko wymusi\u0107.<\/li>\n\n\n\n<li><strong>Je\u015bli dziecko p\u0142acze przy rozstaniu \u2013 nie zawstydzaj go<\/strong>, zaakceptuj p\u0142acz dziecka, jako naturaln\u0105 reakcj\u0119 na now\u0105 sytuacj\u0119, trudn\u0105 i niezrozumia\u0142\u0105. P\u0142aczem ma\u0142e dziecko wyra\u017ca swoj\u0105 bezradno\u015b\u0107, smutek, frustracj\u0119. Powod\u00f3w ku temu mo\u017ce by\u0107 wiele i nie ma w p\u0142aczu nic z\u0142ego pod warunkiem, \u017ce nie s\u0142u\u017cy on do manipulowania doros\u0142ym w celu spe\u0142nienia swoich zachcianek. Natomiast, je\u015bli p\u0142acz przerodzi si\u0119 w histeri\u0119, najlepszym sposobem jest spokojne przeczekanie, a\u017c ona minie. W tym czasie negocjacje z dzieckiem nie maj\u0105 sensu. Trzeba poczeka\u0107 a\u017c si\u0119 ono uspokoi.<\/li>\n\n\n\n<li><strong>Nie obiecuj dziecku<\/strong>: \u201eje\u015bli p\u00f3jdziesz do przedszkola, to co\u015b dostaniesz\u201d; kiedy b\u0119dziesz odbiera\u0107 dziecko, mo\u017cesz da\u0107 mu male\u0144ki prezent, ale nie mo\u017ce by\u0107 to forma przekupstwa.<\/li>\n\n\n\n<li><strong>Nie strasz dziecka przedszkolem<\/strong>: \u201ePoczekaj, ju\u017c Pani w przedszkolu nauczy Ci\u0119 porz\u0105dku\u201d.<\/li>\n\n\n\n<li><strong>Nie wymuszaj na dziecku, \u017ceby zaraz po przyj\u015bciu do domu opowiedzia\u0142o, co si\u0119 wydarzy\u0142o w przedszkolu, to powoduje niepotrzebny stres<\/strong>.<\/li>\n\n\n\n<li>Je\u015bli dziecko przy po\u017cegnaniu p\u0142acze, postaraj si\u0119, \u017ceby przez kilka dni odprowadza\u0142 je do przedszkola kto\u015b inny, np. tato, dziadek. Mo\u017ce si\u0119 okaza\u0107, \u017ce p\u0142acz\u0105cy przy rozstaniach maluch, gdy przyjdzie z kim\u015b innym ch\u0119tniej wejdzie do sali.<\/li>\n\n\n\n<li>Pami\u0119taj: \u017cegnaj i witaj swoje dziecko zawsze z u\u015bmiechem!<\/li>\n<\/ul>\n\n\n\n<p class=\"has-text-align-right\"><strong>Trzymamy mocno kciuki za dzieci<\/strong><\/p>\n\n\n\n<p class=\"has-text-align-right\"><strong>i za ich dzielnych rodzic\u00f3w.<\/strong><\/p>\n\n\n\n<p class=\"has-text-align-right\"><strong>Powodzenia!<\/strong><\/p>\n","protected":false},"excerpt":{"rendered":"<p>WITAMY W PRZEDSZKOLU! Serdecznie witamy po wakacjach wszystkich przedszkolak\u00f3w i ich rodzic\u00f3w jak i te dzieci kt\u00f3re po raz pierwszy do nas zawitaj\u0105 . Ju\u017c 1 wrze\u015bnia&nbsp;nasze dzieci na pierwszy dzie\u0144 zabawy w naszym przedszkolu . &nbsp; Wszystkim Milusi\u0144skim \u017cyczymy<\/p>\n","protected":false},"author":2,"featured_media":0,"parent":0,"menu_order":0,"comment_status":"closed","ping_status":"closed","template":"","meta":{"footnotes":""},"class_list":["post-710","page","type-page","status-publish","hentry"],"yoast_head":"<!-- This site is optimized with the Yoast SEO plugin v27.6 - https:\/\/yoast.com\/product\/yoast-seo-wordpress\/ -->\n<title>Og\u0142oszenia - Przedszkole w Kalinowicach<\/title>\n<meta name=\"robots\" content=\"index, follow, max-snippet:-1, max-image-preview:large, max-video-preview:-1\" \/>\n<link rel=\"canonical\" href=\"https:\/\/kalinowice.schoolpage.pl\/index.php\/ogloszenia\/\" \/>\n<meta property=\"og:locale\" content=\"pl_PL\" \/>\n<meta property=\"og:type\" content=\"article\" \/>\n<meta property=\"og:title\" content=\"Og\u0142oszenia - Przedszkole w Kalinowicach\" \/>\n<meta property=\"og:description\" content=\"WITAMY W PRZEDSZKOLU! Serdecznie witamy po wakacjach wszystkich przedszkolak\u00f3w i ich rodzic\u00f3w jak i te dzieci kt\u00f3re po raz pierwszy do nas zawitaj\u0105 . Ju\u017c 1 wrze\u015bnia&nbsp;nasze dzieci na pierwszy dzie\u0144 zabawy w naszym przedszkolu . &nbsp; Wszystkim Milusi\u0144skim \u017cyczymy\" \/>\n<meta property=\"og:url\" content=\"https:\/\/kalinowice.schoolpage.pl\/index.php\/ogloszenia\/\" \/>\n<meta property=\"og:site_name\" content=\"Przedszkole w Kalinowicach\" \/>\n<meta property=\"article:modified_time\" content=\"2024-03-23T11:18:46+00:00\" \/>\n<meta name=\"twitter:card\" content=\"summary_large_image\" \/>\n<meta name=\"twitter:label1\" content=\"Szacowany czas czytania\" \/>\n\t<meta name=\"twitter:data1\" content=\"5 minut\" \/>\n<script type=\"application\/ld+json\" class=\"yoast-schema-graph\">{\"@context\":\"https:\\\/\\\/schema.org\",\"@graph\":[{\"@type\":\"WebPage\",\"@id\":\"https:\\\/\\\/kalinowice.schoolpage.pl\\\/index.php\\\/ogloszenia\\\/\",\"url\":\"https:\\\/\\\/kalinowice.schoolpage.pl\\\/index.php\\\/ogloszenia\\\/\",\"name\":\"Og\u0142oszenia - Przedszkole w Kalinowicach\",\"isPartOf\":{\"@id\":\"https:\\\/\\\/kalinowice.schoolpage.pl\\\/#website\"},\"datePublished\":\"2020-04-20T07:59:42+00:00\",\"dateModified\":\"2024-03-23T11:18:46+00:00\",\"breadcrumb\":{\"@id\":\"https:\\\/\\\/kalinowice.schoolpage.pl\\\/index.php\\\/ogloszenia\\\/#breadcrumb\"},\"inLanguage\":\"pl-PL\",\"potentialAction\":[{\"@type\":\"ReadAction\",\"target\":[\"https:\\\/\\\/kalinowice.schoolpage.pl\\\/index.php\\\/ogloszenia\\\/\"]}]},{\"@type\":\"BreadcrumbList\",\"@id\":\"https:\\\/\\\/kalinowice.schoolpage.pl\\\/index.php\\\/ogloszenia\\\/#breadcrumb\",\"itemListElement\":[{\"@type\":\"ListItem\",\"position\":1,\"name\":\"Strona g\u0142\u00f3wna\",\"item\":\"https:\\\/\\\/kalinowice.schoolpage.pl\\\/\"},{\"@type\":\"ListItem\",\"position\":2,\"name\":\"Og\u0142oszenia\"}]},{\"@type\":\"WebSite\",\"@id\":\"https:\\\/\\\/kalinowice.schoolpage.pl\\\/#website\",\"url\":\"https:\\\/\\\/kalinowice.schoolpage.pl\\\/\",\"name\":\"Przedszkole w Kalinowicach\",\"description\":\"Kalinowice 148A, 22-400 Zamo\u015b\u0107\",\"potentialAction\":[{\"@type\":\"SearchAction\",\"target\":{\"@type\":\"EntryPoint\",\"urlTemplate\":\"https:\\\/\\\/kalinowice.schoolpage.pl\\\/?s={search_term_string}\"},\"query-input\":{\"@type\":\"PropertyValueSpecification\",\"valueRequired\":true,\"valueName\":\"search_term_string\"}}],\"inLanguage\":\"pl-PL\"}]}<\/script>\n<!-- \/ Yoast SEO plugin. -->","yoast_head_json":{"title":"Og\u0142oszenia - Przedszkole w Kalinowicach","robots":{"index":"index","follow":"follow","max-snippet":"max-snippet:-1","max-image-preview":"max-image-preview:large","max-video-preview":"max-video-preview:-1"},"canonical":"https:\/\/kalinowice.schoolpage.pl\/index.php\/ogloszenia\/","og_locale":"pl_PL","og_type":"article","og_title":"Og\u0142oszenia - Przedszkole w Kalinowicach","og_description":"WITAMY W PRZEDSZKOLU! Serdecznie witamy po wakacjach wszystkich przedszkolak\u00f3w i ich rodzic\u00f3w jak i te dzieci kt\u00f3re po raz pierwszy do nas zawitaj\u0105 . Ju\u017c 1 wrze\u015bnia&nbsp;nasze dzieci na pierwszy dzie\u0144 zabawy w naszym przedszkolu . &nbsp; Wszystkim Milusi\u0144skim \u017cyczymy","og_url":"https:\/\/kalinowice.schoolpage.pl\/index.php\/ogloszenia\/","og_site_name":"Przedszkole w Kalinowicach","article_modified_time":"2024-03-23T11:18:46+00:00","twitter_card":"summary_large_image","twitter_misc":{"Szacowany czas czytania":"5 minut"},"schema":{"@context":"https:\/\/schema.org","@graph":[{"@type":"WebPage","@id":"https:\/\/kalinowice.schoolpage.pl\/index.php\/ogloszenia\/","url":"https:\/\/kalinowice.schoolpage.pl\/index.php\/ogloszenia\/","name":"Og\u0142oszenia - Przedszkole w Kalinowicach","isPartOf":{"@id":"https:\/\/kalinowice.schoolpage.pl\/#website"},"datePublished":"2020-04-20T07:59:42+00:00","dateModified":"2024-03-23T11:18:46+00:00","breadcrumb":{"@id":"https:\/\/kalinowice.schoolpage.pl\/index.php\/ogloszenia\/#breadcrumb"},"inLanguage":"pl-PL","potentialAction":[{"@type":"ReadAction","target":["https:\/\/kalinowice.schoolpage.pl\/index.php\/ogloszenia\/"]}]},{"@type":"BreadcrumbList","@id":"https:\/\/kalinowice.schoolpage.pl\/index.php\/ogloszenia\/#breadcrumb","itemListElement":[{"@type":"ListItem","position":1,"name":"Strona g\u0142\u00f3wna","item":"https:\/\/kalinowice.schoolpage.pl\/"},{"@type":"ListItem","position":2,"name":"Og\u0142oszenia"}]},{"@type":"WebSite","@id":"https:\/\/kalinowice.schoolpage.pl\/#website","url":"https:\/\/kalinowice.schoolpage.pl\/","name":"Przedszkole w Kalinowicach","description":"Kalinowice 148A, 22-400 Zamo\u015b\u0107","potentialAction":[{"@type":"SearchAction","target":{"@type":"EntryPoint","urlTemplate":"https:\/\/kalinowice.schoolpage.pl\/?s={search_term_string}"},"query-input":{"@type":"PropertyValueSpecification","valueRequired":true,"valueName":"search_term_string"}}],"inLanguage":"pl-PL"}]}},"_links":{"self":[{"href":"https:\/\/kalinowice.schoolpage.pl\/index.php\/wp-json\/wp\/v2\/pages\/710","targetHints":{"allow":["GET"]}}],"collection":[{"href":"https:\/\/kalinowice.schoolpage.pl\/index.php\/wp-json\/wp\/v2\/pages"}],"about":[{"href":"https:\/\/kalinowice.schoolpage.pl\/index.php\/wp-json\/wp\/v2\/types\/page"}],"author":[{"embeddable":true,"href":"https:\/\/kalinowice.schoolpage.pl\/index.php\/wp-json\/wp\/v2\/users\/2"}],"replies":[{"embeddable":true,"href":"https:\/\/kalinowice.schoolpage.pl\/index.php\/wp-json\/wp\/v2\/comments?post=710"}],"version-history":[{"count":67,"href":"https:\/\/kalinowice.schoolpage.pl\/index.php\/wp-json\/wp\/v2\/pages\/710\/revisions"}],"predecessor-version":[{"id":2527,"href":"https:\/\/kalinowice.schoolpage.pl\/index.php\/wp-json\/wp\/v2\/pages\/710\/revisions\/2527"}],"wp:attachment":[{"href":"https:\/\/kalinowice.schoolpage.pl\/index.php\/wp-json\/wp\/v2\/media?parent=710"}],"curies":[{"name":"wp","href":"https:\/\/api.w.org\/{rel}","templated":true}]}}