{"id":38,"date":"2020-01-31T16:27:41","date_gmt":"2020-01-31T15:27:41","guid":{"rendered":"https:\/\/kalinowice.schoolpage.pl\/?page_id=38"},"modified":"2023-09-26T18:53:17","modified_gmt":"2023-09-26T16:53:17","slug":"grupa-3","status":"publish","type":"page","link":"https:\/\/kalinowice.schoolpage.pl\/index.php\/grupa-3\/","title":{"rendered":"GRUPA &#8222;BIEDRONKI&#8221;"},"content":{"rendered":"\n<p>Nauczyciele grupy:<\/p>\n\n\n\n<p>Marzena Gontarz, Ma\u0142gorzata S\u0142otwi\u0144ska<\/p>\n\n\n\n<p>Kontakt: grupabiedronki455@gmail.com<\/p>\n\n\n<p><\/p>\n<p><!--StartFragment--><\/p>","protected":false},"excerpt":{"rendered":"<p>Nauczyciele grupy: Marzena Gontarz, Ma\u0142gorzata S\u0142otwi\u0144ska Kontakt: grupabiedronki455@gmail.com<\/p>\n","protected":false},"author":1,"featured_media":0,"parent":0,"menu_order":0,"comment_status":"closed","ping_status":"closed","template":"","meta":{"footnotes":""},"class_list":["post-38","page","type-page","status-publish","hentry"],"yoast_head":"<!-- This site is optimized with the Yoast SEO plugin v27.6 - https:\/\/yoast.com\/product\/yoast-seo-wordpress\/ -->\n<title>GRUPA &quot;BIEDRONKI&quot; - Przedszkole w Kalinowicach<\/title>\n<meta name=\"robots\" content=\"index, follow, max-snippet:-1, max-image-preview:large, max-video-preview:-1\" \/>\n<link rel=\"canonical\" href=\"https:\/\/kalinowice.schoolpage.pl\/index.php\/grupa-3\/\" \/>\n<meta property=\"og:locale\" content=\"pl_PL\" \/>\n<meta property=\"og:type\" content=\"article\" \/>\n<meta property=\"og:title\" content=\"GRUPA &quot;BIEDRONKI&quot; - Przedszkole w Kalinowicach\" \/>\n<meta property=\"og:description\" content=\"Nauczyciele grupy: Marzena Gontarz, Ma\u0142gorzata S\u0142otwi\u0144ska Kontakt: grupabiedronki455@gmail.com\" \/>\n<meta property=\"og:url\" content=\"https:\/\/kalinowice.schoolpage.pl\/index.php\/grupa-3\/\" \/>\n<meta property=\"og:site_name\" content=\"Przedszkole w Kalinowicach\" \/>\n<meta property=\"article:modified_time\" content=\"2023-09-26T16:53:17+00:00\" \/>\n<meta name=\"twitter:card\" content=\"summary_large_image\" \/>\n<meta name=\"twitter:label1\" content=\"Szacowany czas czytania\" \/>\n\t<meta name=\"twitter:data1\" content=\"1 minuta\" \/>\n<script type=\"application\/ld+json\" class=\"yoast-schema-graph\">{\"@context\":\"https:\\\/\\\/schema.org\",\"@graph\":[{\"@type\":\"WebPage\",\"@id\":\"https:\\\/\\\/kalinowice.schoolpage.pl\\\/index.php\\\/grupa-3\\\/\",\"url\":\"https:\\\/\\\/kalinowice.schoolpage.pl\\\/index.php\\\/grupa-3\\\/\",\"name\":\"GRUPA \\\"BIEDRONKI\\\" - Przedszkole w Kalinowicach\",\"isPartOf\":{\"@id\":\"https:\\\/\\\/kalinowice.schoolpage.pl\\\/#website\"},\"datePublished\":\"2020-01-31T15:27:41+00:00\",\"dateModified\":\"2023-09-26T16:53:17+00:00\",\"breadcrumb\":{\"@id\":\"https:\\\/\\\/kalinowice.schoolpage.pl\\\/index.php\\\/grupa-3\\\/#breadcrumb\"},\"inLanguage\":\"pl-PL\",\"potentialAction\":[{\"@type\":\"ReadAction\",\"target\":[\"https:\\\/\\\/kalinowice.schoolpage.pl\\\/index.php\\\/grupa-3\\\/\"]}]},{\"@type\":\"BreadcrumbList\",\"@id\":\"https:\\\/\\\/kalinowice.schoolpage.pl\\\/index.php\\\/grupa-3\\\/#breadcrumb\",\"itemListElement\":[{\"@type\":\"ListItem\",\"position\":1,\"name\":\"Strona g\u0142\u00f3wna\",\"item\":\"https:\\\/\\\/kalinowice.schoolpage.pl\\\/\"},{\"@type\":\"ListItem\",\"position\":2,\"name\":\"GRUPA &#8222;BIEDRONKI&#8221;\"}]},{\"@type\":\"WebSite\",\"@id\":\"https:\\\/\\\/kalinowice.schoolpage.pl\\\/#website\",\"url\":\"https:\\\/\\\/kalinowice.schoolpage.pl\\\/\",\"name\":\"Przedszkole w Kalinowicach\",\"description\":\"Kalinowice 148A, 22-400 Zamo\u015b\u0107\",\"potentialAction\":[{\"@type\":\"SearchAction\",\"target\":{\"@type\":\"EntryPoint\",\"urlTemplate\":\"https:\\\/\\\/kalinowice.schoolpage.pl\\\/?s={search_term_string}\"},\"query-input\":{\"@type\":\"PropertyValueSpecification\",\"valueRequired\":true,\"valueName\":\"search_term_string\"}}],\"inLanguage\":\"pl-PL\"}]}<\/script>\n<!-- \/ Yoast SEO plugin. -->","yoast_head_json":{"title":"GRUPA \"BIEDRONKI\" - Przedszkole w Kalinowicach","robots":{"index":"index","follow":"follow","max-snippet":"max-snippet:-1","max-image-preview":"max-image-preview:large","max-video-preview":"max-video-preview:-1"},"canonical":"https:\/\/kalinowice.schoolpage.pl\/index.php\/grupa-3\/","og_locale":"pl_PL","og_type":"article","og_title":"GRUPA \"BIEDRONKI\" - Przedszkole w Kalinowicach","og_description":"Nauczyciele grupy: Marzena Gontarz, Ma\u0142gorzata S\u0142otwi\u0144ska Kontakt: grupabiedronki455@gmail.com","og_url":"https:\/\/kalinowice.schoolpage.pl\/index.php\/grupa-3\/","og_site_name":"Przedszkole w Kalinowicach","article_modified_time":"2023-09-26T16:53:17+00:00","twitter_card":"summary_large_image","twitter_misc":{"Szacowany czas czytania":"1 minuta"},"schema":{"@context":"https:\/\/schema.org","@graph":[{"@type":"WebPage","@id":"https:\/\/kalinowice.schoolpage.pl\/index.php\/grupa-3\/","url":"https:\/\/kalinowice.schoolpage.pl\/index.php\/grupa-3\/","name":"GRUPA \"BIEDRONKI\" - Przedszkole w Kalinowicach","isPartOf":{"@id":"https:\/\/kalinowice.schoolpage.pl\/#website"},"datePublished":"2020-01-31T15:27:41+00:00","dateModified":"2023-09-26T16:53:17+00:00","breadcrumb":{"@id":"https:\/\/kalinowice.schoolpage.pl\/index.php\/grupa-3\/#breadcrumb"},"inLanguage":"pl-PL","potentialAction":[{"@type":"ReadAction","target":["https:\/\/kalinowice.schoolpage.pl\/index.php\/grupa-3\/"]}]},{"@type":"BreadcrumbList","@id":"https:\/\/kalinowice.schoolpage.pl\/index.php\/grupa-3\/#breadcrumb","itemListElement":[{"@type":"ListItem","position":1,"name":"Strona g\u0142\u00f3wna","item":"https:\/\/kalinowice.schoolpage.pl\/"},{"@type":"ListItem","position":2,"name":"GRUPA &#8222;BIEDRONKI&#8221;"}]},{"@type":"WebSite","@id":"https:\/\/kalinowice.schoolpage.pl\/#website","url":"https:\/\/kalinowice.schoolpage.pl\/","name":"Przedszkole w Kalinowicach","description":"Kalinowice 148A, 22-400 Zamo\u015b\u0107","potentialAction":[{"@type":"SearchAction","target":{"@type":"EntryPoint","urlTemplate":"https:\/\/kalinowice.schoolpage.pl\/?s={search_term_string}"},"query-input":{"@type":"PropertyValueSpecification","valueRequired":true,"valueName":"search_term_string"}}],"inLanguage":"pl-PL"}]}},"_links":{"self":[{"href":"https:\/\/kalinowice.schoolpage.pl\/index.php\/wp-json\/wp\/v2\/pages\/38","targetHints":{"allow":["GET"]}}],"collection":[{"href":"https:\/\/kalinowice.schoolpage.pl\/index.php\/wp-json\/wp\/v2\/pages"}],"about":[{"href":"https:\/\/kalinowice.schoolpage.pl\/index.php\/wp-json\/wp\/v2\/types\/page"}],"author":[{"embeddable":true,"href":"https:\/\/kalinowice.schoolpage.pl\/index.php\/wp-json\/wp\/v2\/users\/1"}],"replies":[{"embeddable":true,"href":"https:\/\/kalinowice.schoolpage.pl\/index.php\/wp-json\/wp\/v2\/comments?post=38"}],"version-history":[{"count":73,"href":"https:\/\/kalinowice.schoolpage.pl\/index.php\/wp-json\/wp\/v2\/pages\/38\/revisions"}],"predecessor-version":[{"id":2443,"href":"https:\/\/kalinowice.schoolpage.pl\/index.php\/wp-json\/wp\/v2\/pages\/38\/revisions\/2443"}],"wp:attachment":[{"href":"https:\/\/kalinowice.schoolpage.pl\/index.php\/wp-json\/wp\/v2\/media?parent=38"}],"curies":[{"name":"wp","href":"https:\/\/api.w.org\/{rel}","templated":true}]}}