{"id":25,"date":"2020-01-31T16:25:48","date_gmt":"2020-01-31T15:25:48","guid":{"rendered":"https:\/\/kalinowice.schoolpage.pl\/?page_id=25"},"modified":"2020-07-12T13:40:16","modified_gmt":"2020-07-12T11:40:16","slug":"programy-i-projekty","status":"publish","type":"page","link":"https:\/\/kalinowice.schoolpage.pl\/index.php\/programy-i-projekty\/","title":{"rendered":"Programy i projekty"},"content":{"rendered":"\n<p><strong>\u201eMa\u0142y Mi\u015b w \u015bwiecie wielkiej literatury\u201d  edycja 2019\/2020<\/strong><br>  To Og\u00f3lnopolski Projekt propaguj\u0105cy rozwijanie czytelnictwa: czytanie w domu i w przedszkolu, prezentacja dzieciom utwor\u00f3w polskich pisarzy i poet\u00f3w(polskie bajki, ba\u015bnie i wiersze).  Przedszkolaki  razem z nauczycielami wybra\u0142ygrupow\u0105 maskotk\u0119 \u2013 Misia, kt\u00f3ry odb\u0119dzie podr\u00f3\u017c po domach przedszkolak\u00f3w. Misiom zosta\u0142y nadane imiona, a projekt zainaugurowa\u0142 czytanie w przedszkolu (w ka\u017cdej z grup). Mi\u015b w\u0119druj\u0105c do domu przedszkolak\u00f3w  jest wyposa\u017cony w dzienniczek, w kt\u00f3rym rodzice wpisz\u0105 tytu\u0142 utworu, kt\u00f3ry zosta\u0142 przeczytany w domu, a dzieci wykonaj\u0105 rysunek lub odrysuj\u0105 swoj\u0105 r\u0105czk\u0119 (praca w domu). Do projektu w\u0142\u0105czymy r\u00f3wnie\u017c Rodzic\u00f3w, osoby zapraszane do przedszkola, oraz przedstawiciela Grupy MAC Edukacja. Wszyscy czytaj\u0105cy wpisz\u0105 si\u0119 do pami\u0105tkowej kroniki przedszkolak\u00f3w. Po wykonaniu zadania dzieci otrzymaj\u0105 dyplom. Razem z Misiem w ci\u0105gu roku przedszkolaki wykonuj\u0105 tak\u017ce r\u00f3\u017cne zadania (\u201eBezpieczny z Ma\u0142ym Misiem, Ma\u0142y Mi\u015b i Dzie\u0144 Matematyki\u2026).<\/p>\n\n\n\n<figure class=\"wp-block-image\"><img loading=\"lazy\" decoding=\"async\" width=\"375\" height=\"500\" src=\"https:\/\/kalinowice.schoolpage.pl\/wp-content\/uploads\/2020\/02\/maly-mis.png\" alt=\"\" class=\"wp-image-87\" srcset=\"https:\/\/kalinowice.schoolpage.pl\/wp-content\/uploads\/2020\/02\/maly-mis.png 375w, https:\/\/kalinowice.schoolpage.pl\/wp-content\/uploads\/2020\/02\/maly-mis-225x300.png 225w\" sizes=\"auto, (max-width: 375px) 100vw, 375px\" \/><\/figure>\n\n\n\n<p>W ramach projektu \u201eMa\u0142y mi\u015b w \u015bwiecie wielkiej literatury\u201d w pracy z dzie\u0107mi realizowano wiod\u0105ce kompetencje\u00a0kluczowe tj. porozumiewanie si\u0119 w j\u0119zyku ojczystym, kompetencje spo\u0142eczne i obywatelskie, \u015bwiadomo\u015b\u0107 i ekspresja kulturalna, umiej\u0119tno\u015b\u0107 uczenia si\u0119, kompetencje matematyczne i podstawowe kompetencje naukowo-techniczne, a tak\u017ce rozwijano czytelnictwo (czytanie w domu i przedszkolu,\u00a0prezentacja dzieciom utwor\u00f3w polskich pisarzy i poet\u00f3w, zapoznanie z bajkami i wierszykami traktuj\u0105cymi o warto\u015bci dobra i wzajemnej pomocy, zabawy czytelnicze oraz rozwijanie umiej\u0119tno\u015bci interpretacji utwor\u00f3w literackich).W module \u201eMisiowy wolontariat\u201d dzieci uczy\u0142y si\u0119 wra\u017cliwo\u015bci spo\u0142ecznej oraz pomagania innym i odpowiedzialno\u015bci za otaczaj\u0105cy \u015bwiat, uczestnicz\u0105c w akcjach i aktywnych dzia\u0142aniach na rzecz potrzebuj\u0105cych w naszym przedszkolu. Modu\u0142 \u201eMa\u0142y mi\u015b i prawa dziecka\u201d &#8211; zach\u0119ca\u0142 do przypomnienia podstawowych praw najm\u0142odszych w oparciu o historyjki napisane przez Misiow\u0105 Mam\u0119, Anet\u0119 Konefa\u0142. Realizuj\u0105c modu\u0142 \u201eBezpieczni z ma\u0142ym misiem\u201d dzieci zwr\u00f3ci\u0142y swoj\u0105uwag\u0119 na problem bezpiecze\u0144stwa w Internecie.W Dniu Bezpiecznego Internetu odby\u0142y si\u0119 spotkania przy komputerze, dzieci obejrza\u0142y film pt. \u201eOwce w sieci\u201d i wykona\u0142y wsp\u00f3lnie plakaty zach\u0119caj\u0105cy do przestrzegania zasad bezpiecze\u0144stwa. Z okazji obchod\u00f3w Dnia Matematyki dzieci doko\u0144czy\u0142ymatematyczna opowie\u015b\u0107 oraz wykona\u0142y z pomoc\u0105 nauczycieli \u00a0misiowe liczmany. W okresie pandemii zrealizowano ostatni modu\u0142 \u2013 \u201ePrzedszkole misiowej mamy\u201d, kt\u00f3rego celem by\u0142o nawi\u0105zanie zdalnego nauczania na odleg\u0142o\u015b\u0107. I tutaj serdeczniedzi\u0119kujemy wszystkim Przedszkolakom za odpowied\u017a na propozycj\u0119 pracy zdalnej (a by\u0142o nas bardzo du\u017co)\u00a0 oraz za wsp\u00f3lnie sp\u0119dzony czas ze swoimi Paniami i z Rodzicami w tym trudnym dla nas wszystkich okresie.Za wykonane zadania otrzymali\u015bmy certyfikaty. Serdecznie gratulujemy wszystkim Przedszkolakom bior\u0105cym udzia\u0142 w realizacji zada\u0144 wynikaj\u0105cych z projektu.<\/p>\n\n\n\n<figure class=\"wp-block-image\"><img loading=\"lazy\" decoding=\"async\" width=\"1024\" height=\"743\" src=\"https:\/\/kalinowice.schoolpage.pl\/wp-content\/uploads\/2020\/07\/certyfikat-1024x743.png\" alt=\"\" class=\"wp-image-1266\" srcset=\"https:\/\/kalinowice.schoolpage.pl\/wp-content\/uploads\/2020\/07\/certyfikat-1024x743.png 1024w, https:\/\/kalinowice.schoolpage.pl\/wp-content\/uploads\/2020\/07\/certyfikat-300x218.png 300w, https:\/\/kalinowice.schoolpage.pl\/wp-content\/uploads\/2020\/07\/certyfikat-768x557.png 768w, https:\/\/kalinowice.schoolpage.pl\/wp-content\/uploads\/2020\/07\/certyfikat.png 1112w\" sizes=\"auto, (max-width: 1024px) 100vw, 1024px\" \/><\/figure>\n\n\n\n<p>xxxxxxxxxxxxxxxxxxxxxxxxxxxxxxxxxxxxxxxxxxxxxxxxxxxxxxxxxxxxxxxxxxxxxxxxxxxxxxxxxxxxxxxxxxxxxxxxxxxxxxxxxxxxxxxxxxxxxxxxxxxxxxxxxxxxx<\/p>\n\n\n\n<p><\/p>\n\n\n\n<p><strong>Mi\u0119dzynarodowy Projekt Czytelniczy  \u201eMagiczna moc bajek czyli bajkowa podr\u00f3\u017c do krainy warto\u015bci i dzieci\u0119cej wyobra\u017ani\u201d<\/strong><br> G\u0142\u00f3wnym celem Projektu jest promowanie w\u015br\u00f3d dzieci czytania bajek i ba\u015bni jako sposobu na ich rozw\u00f3j, kszta\u0142cenie, zdobywanie wiedzy i wychowanie szcz\u0119\u015bliwego cz\u0142owieka, oraz kszta\u0142towanie postaw prospo\u0142ecznych u dzieci w wieku przedszkolnym wobec os\u00f3b z niepe\u0142nosprawno\u015bci\u0105. <br> \u201eCzym chleb dla cia\u0142a, tym ba\u015b\u0144 dla duszy  \u2013 tymi s\u0142owami mo\u017cna podsumowa\u0107  rol\u0119 ba\u015bni w  wychowaniu dziecka. Dzi\u0119ki czytaniu literatury stanie si\u0119 lepsze,, bogatsze  wewn\u0119trznie, pragnie, aby zawsze tryumfowa\u0142o dobro i sprawiedliwo\u015b\u0107. Dzi\u0119ki bajkom i ba\u015bniom zaspokaja swoje potrzeby psychiczne \u2013 poczucie, \u017ce jest kochane, akceptowane i bezpieczne. Bajki i ba\u015bnie daj\u0105 mu wsparcie, poczucie si\u0142y i nadziej\u0119\u201d\u2013Anna Zieli\u0144ska i Ludmi\u0142a Fabiszewska, autorki Projektu.<br> Projekty realizowane w naszym przedszkolu s\u0105 odpowiedzi\u0105 na realizacj\u0119 <br> kierunk\u00f3w polityki  o\u015bwiatowej Ministerstwa Edukacji Narodowej: <br> wychowania do warto\u015bci poprzez kszta\u0142towanie postaw obywatelskich i patriotycznych, rozwijanie kreatywno\u015bci, profilaktyk\u0119 uzale\u017cnie\u0144,<br> oraz za\u0142o\u017ce\u0144 podstawy programowej.<br> Wiod\u0105ce kompetencje kluczowe: porozumiewanie si\u0119 w j\u0119zyku ojczystym, kompetencje spo\u0142eczne i obywatelskie, \u015bwiadomo\u015b\u0107 i ekspresja kulturalna, porozumiewanie si\u0119 w j\u0119zykach obcych.<\/p>\n\n\n\n<figure class=\"wp-block-image\"><img loading=\"lazy\" decoding=\"async\" width=\"375\" height=\"500\" src=\"https:\/\/kalinowice.schoolpage.pl\/wp-content\/uploads\/2020\/02\/projekt-czytelniczy.png\" alt=\"\" class=\"wp-image-89\" srcset=\"https:\/\/kalinowice.schoolpage.pl\/wp-content\/uploads\/2020\/02\/projekt-czytelniczy.png 375w, https:\/\/kalinowice.schoolpage.pl\/wp-content\/uploads\/2020\/02\/projekt-czytelniczy-225x300.png 225w\" sizes=\"auto, (max-width: 375px) 100vw, 375px\" \/><\/figure>\n\n\n\n<p>W ramach projektu \u201eMagiczna moc bajek czyli podr\u00f3\u017c do krainy warto\u015bci i dzieci\u0119cej wyobra\u017ani: w grupach starszych poprzez czytan\u0105 literatur\u0119 kszta\u0142towano nowe umiej\u0119tno\u015bci spo\u0142eczne i emocjonalne, dostarczano pozytywnych wzorc\u00f3w, zach\u0119cano do refleksji nad konsekwencjami w\u0142asnych s\u0142\u00f3w i czyn\u00f3w. W ramach Mi\u0119dzynarodowego projektu Czytelniczego <em>,,Magiczna moc bajek\u201d<\/em> zrealizowano nast\u0119puj\u0105ce zadania: ,,Nowe szaty cesarza\u201d \u2013 wskazanie mora\u0142u p\u0142yn\u0105cego z ba\u015bni, ,,Ma\u0142e k\u0142amstwo to du\u017cy problem\u201d \u2013 zaj\u0119cia w bibliotece na podstawie znanych przys\u0142\u00f3w o k\u0142amstwie, ,,Strach jest potrzebny\u201d- zaprezentowanie r\u00f3\u017cnych scenek z \u017cycia, wymagaj\u0105cych ostro\u017cno\u015bci, uwagi i roztropno\u015bci, \u201eJak Pinokio sta\u0142 si\u0119 dobrym ch\u0142opcem\u201d \u2013 bajka o pomaganiu innym i szacunku dla starszych. Celem tych zaj\u0119\u0107 by\u0142o wychowanie do warto\u015bci, przekazywanie za po\u015brednictwem literatury warto\u015bci moralnych, wyzwalanie pozytywnych emocji (rado\u015bci, zadowolenia, poczucia bezpiecze\u0144stwa). Zorganizowano Dzie\u0144 Czy\u015bcioszka pt. \u201eW naszej sali, w czterech k\u0105tach ka\u017cdy sam po sobie posprz\u0105ta\u201d. Za wykonane zadania otrzymali\u015bmy certyfikat. Serdecznie gratulujemy wszystkim Przedszkolakom bior\u0105cym udzia\u0142 w realizacji zada\u0144 wynikaj\u0105cych z projektu.<\/p>\n\n\n\n<figure class=\"wp-block-image\"><img loading=\"lazy\" decoding=\"async\" width=\"1024\" height=\"719\" src=\"https:\/\/kalinowice.schoolpage.pl\/wp-content\/uploads\/2020\/07\/certyfikat2-1024x719.png\" alt=\"\" class=\"wp-image-1267\" srcset=\"https:\/\/kalinowice.schoolpage.pl\/wp-content\/uploads\/2020\/07\/certyfikat2-1024x719.png 1024w, https:\/\/kalinowice.schoolpage.pl\/wp-content\/uploads\/2020\/07\/certyfikat2-300x211.png 300w, https:\/\/kalinowice.schoolpage.pl\/wp-content\/uploads\/2020\/07\/certyfikat2-768x539.png 768w, https:\/\/kalinowice.schoolpage.pl\/wp-content\/uploads\/2020\/07\/certyfikat2.png 1121w\" sizes=\"auto, (max-width: 1024px) 100vw, 1024px\" \/><\/figure>\n\n\n\n<p><\/p>\n\n\n\n<p>xxxxxxxxxxxxxxxxxxxxxxxxxxxxxxxxxxxxxxxxxxxxxxxxxxxxxxxxxxxxxxxxxxxxxxxxxxxxxxxxxxxxxxxxxxxxxxxxxxxxxxxxxxxxxxxxxxxxxxxxxxxxxxxxxxxxxxxxx<\/p>\n\n\n\n<figure class=\"wp-block-image\"><img loading=\"lazy\" decoding=\"async\" width=\"869\" height=\"609\" src=\"https:\/\/kalinowice.schoolpage.pl\/wp-content\/uploads\/2020\/07\/certyfikat3.png\" alt=\"\" class=\"wp-image-1268\" srcset=\"https:\/\/kalinowice.schoolpage.pl\/wp-content\/uploads\/2020\/07\/certyfikat3.png 869w, https:\/\/kalinowice.schoolpage.pl\/wp-content\/uploads\/2020\/07\/certyfikat3-300x210.png 300w, https:\/\/kalinowice.schoolpage.pl\/wp-content\/uploads\/2020\/07\/certyfikat3-768x538.png 768w\" sizes=\"auto, (max-width: 869px) 100vw, 869px\" \/><\/figure>\n","protected":false},"excerpt":{"rendered":"<p>\u201eMa\u0142y Mi\u015b w \u015bwiecie wielkiej literatury\u201d edycja 2019\/2020 To Og\u00f3lnopolski Projekt propaguj\u0105cy rozwijanie czytelnictwa: czytanie w domu i w przedszkolu, prezentacja dzieciom utwor\u00f3w polskich pisarzy i poet\u00f3w(polskie bajki, ba\u015bnie i wiersze). Przedszkolaki razem z nauczycielami wybra\u0142ygrupow\u0105 maskotk\u0119 \u2013 Misia, kt\u00f3ry<\/p>\n","protected":false},"author":1,"featured_media":0,"parent":0,"menu_order":0,"comment_status":"closed","ping_status":"closed","template":"","meta":{"footnotes":""},"class_list":["post-25","page","type-page","status-publish","hentry"],"yoast_head":"<!-- This site is optimized with the Yoast SEO plugin v27.6 - https:\/\/yoast.com\/product\/yoast-seo-wordpress\/ -->\n<title>Programy i projekty - Przedszkole w Kalinowicach<\/title>\n<meta name=\"robots\" content=\"index, follow, max-snippet:-1, max-image-preview:large, max-video-preview:-1\" \/>\n<link rel=\"canonical\" href=\"https:\/\/kalinowice.schoolpage.pl\/index.php\/programy-i-projekty\/\" \/>\n<meta property=\"og:locale\" content=\"pl_PL\" \/>\n<meta property=\"og:type\" content=\"article\" \/>\n<meta property=\"og:title\" content=\"Programy i projekty - Przedszkole w Kalinowicach\" \/>\n<meta property=\"og:description\" content=\"\u201eMa\u0142y Mi\u015b w \u015bwiecie wielkiej literatury\u201d edycja 2019\/2020 To Og\u00f3lnopolski Projekt propaguj\u0105cy rozwijanie czytelnictwa: czytanie w domu i w przedszkolu, prezentacja dzieciom utwor\u00f3w polskich pisarzy i poet\u00f3w(polskie bajki, ba\u015bnie i wiersze). Przedszkolaki razem z nauczycielami wybra\u0142ygrupow\u0105 maskotk\u0119 \u2013 Misia, kt\u00f3ry\" \/>\n<meta property=\"og:url\" content=\"https:\/\/kalinowice.schoolpage.pl\/index.php\/programy-i-projekty\/\" \/>\n<meta property=\"og:site_name\" content=\"Przedszkole w Kalinowicach\" \/>\n<meta property=\"article:modified_time\" content=\"2020-07-12T11:40:16+00:00\" \/>\n<meta property=\"og:image\" content=\"https:\/\/kalinowice.schoolpage.pl\/wp-content\/uploads\/2020\/02\/maly-mis.png\" \/>\n<meta name=\"twitter:card\" content=\"summary_large_image\" \/>\n<meta name=\"twitter:label1\" content=\"Szacowany czas czytania\" \/>\n\t<meta name=\"twitter:data1\" content=\"4 minuty\" \/>\n<script type=\"application\/ld+json\" class=\"yoast-schema-graph\">{\"@context\":\"https:\\\/\\\/schema.org\",\"@graph\":[{\"@type\":\"WebPage\",\"@id\":\"https:\\\/\\\/kalinowice.schoolpage.pl\\\/index.php\\\/programy-i-projekty\\\/\",\"url\":\"https:\\\/\\\/kalinowice.schoolpage.pl\\\/index.php\\\/programy-i-projekty\\\/\",\"name\":\"Programy i projekty - Przedszkole w Kalinowicach\",\"isPartOf\":{\"@id\":\"https:\\\/\\\/kalinowice.schoolpage.pl\\\/#website\"},\"primaryImageOfPage\":{\"@id\":\"https:\\\/\\\/kalinowice.schoolpage.pl\\\/index.php\\\/programy-i-projekty\\\/#primaryimage\"},\"image\":{\"@id\":\"https:\\\/\\\/kalinowice.schoolpage.pl\\\/index.php\\\/programy-i-projekty\\\/#primaryimage\"},\"thumbnailUrl\":\"http:\\\/\\\/kalinowice.schoolpage.pl\\\/wp-content\\\/uploads\\\/2020\\\/02\\\/maly-mis.png\",\"datePublished\":\"2020-01-31T15:25:48+00:00\",\"dateModified\":\"2020-07-12T11:40:16+00:00\",\"breadcrumb\":{\"@id\":\"https:\\\/\\\/kalinowice.schoolpage.pl\\\/index.php\\\/programy-i-projekty\\\/#breadcrumb\"},\"inLanguage\":\"pl-PL\",\"potentialAction\":[{\"@type\":\"ReadAction\",\"target\":[\"https:\\\/\\\/kalinowice.schoolpage.pl\\\/index.php\\\/programy-i-projekty\\\/\"]}]},{\"@type\":\"ImageObject\",\"inLanguage\":\"pl-PL\",\"@id\":\"https:\\\/\\\/kalinowice.schoolpage.pl\\\/index.php\\\/programy-i-projekty\\\/#primaryimage\",\"url\":\"https:\\\/\\\/kalinowice.schoolpage.pl\\\/wp-content\\\/uploads\\\/2020\\\/02\\\/maly-mis.png\",\"contentUrl\":\"https:\\\/\\\/kalinowice.schoolpage.pl\\\/wp-content\\\/uploads\\\/2020\\\/02\\\/maly-mis.png\",\"width\":375,\"height\":500},{\"@type\":\"BreadcrumbList\",\"@id\":\"https:\\\/\\\/kalinowice.schoolpage.pl\\\/index.php\\\/programy-i-projekty\\\/#breadcrumb\",\"itemListElement\":[{\"@type\":\"ListItem\",\"position\":1,\"name\":\"Strona g\u0142\u00f3wna\",\"item\":\"https:\\\/\\\/kalinowice.schoolpage.pl\\\/\"},{\"@type\":\"ListItem\",\"position\":2,\"name\":\"Programy i projekty\"}]},{\"@type\":\"WebSite\",\"@id\":\"https:\\\/\\\/kalinowice.schoolpage.pl\\\/#website\",\"url\":\"https:\\\/\\\/kalinowice.schoolpage.pl\\\/\",\"name\":\"Przedszkole w Kalinowicach\",\"description\":\"Kalinowice 148A, 22-400 Zamo\u015b\u0107\",\"potentialAction\":[{\"@type\":\"SearchAction\",\"target\":{\"@type\":\"EntryPoint\",\"urlTemplate\":\"https:\\\/\\\/kalinowice.schoolpage.pl\\\/?s={search_term_string}\"},\"query-input\":{\"@type\":\"PropertyValueSpecification\",\"valueRequired\":true,\"valueName\":\"search_term_string\"}}],\"inLanguage\":\"pl-PL\"}]}<\/script>\n<!-- \/ Yoast SEO plugin. -->","yoast_head_json":{"title":"Programy i projekty - Przedszkole w Kalinowicach","robots":{"index":"index","follow":"follow","max-snippet":"max-snippet:-1","max-image-preview":"max-image-preview:large","max-video-preview":"max-video-preview:-1"},"canonical":"https:\/\/kalinowice.schoolpage.pl\/index.php\/programy-i-projekty\/","og_locale":"pl_PL","og_type":"article","og_title":"Programy i projekty - Przedszkole w Kalinowicach","og_description":"\u201eMa\u0142y Mi\u015b w \u015bwiecie wielkiej literatury\u201d edycja 2019\/2020 To Og\u00f3lnopolski Projekt propaguj\u0105cy rozwijanie czytelnictwa: czytanie w domu i w przedszkolu, prezentacja dzieciom utwor\u00f3w polskich pisarzy i poet\u00f3w(polskie bajki, ba\u015bnie i wiersze). Przedszkolaki razem z nauczycielami wybra\u0142ygrupow\u0105 maskotk\u0119 \u2013 Misia, kt\u00f3ry","og_url":"https:\/\/kalinowice.schoolpage.pl\/index.php\/programy-i-projekty\/","og_site_name":"Przedszkole w Kalinowicach","article_modified_time":"2020-07-12T11:40:16+00:00","og_image":[{"url":"https:\/\/kalinowice.schoolpage.pl\/wp-content\/uploads\/2020\/02\/maly-mis.png","type":"","width":"","height":""}],"twitter_card":"summary_large_image","twitter_misc":{"Szacowany czas czytania":"4 minuty"},"schema":{"@context":"https:\/\/schema.org","@graph":[{"@type":"WebPage","@id":"https:\/\/kalinowice.schoolpage.pl\/index.php\/programy-i-projekty\/","url":"https:\/\/kalinowice.schoolpage.pl\/index.php\/programy-i-projekty\/","name":"Programy i projekty - Przedszkole w Kalinowicach","isPartOf":{"@id":"https:\/\/kalinowice.schoolpage.pl\/#website"},"primaryImageOfPage":{"@id":"https:\/\/kalinowice.schoolpage.pl\/index.php\/programy-i-projekty\/#primaryimage"},"image":{"@id":"https:\/\/kalinowice.schoolpage.pl\/index.php\/programy-i-projekty\/#primaryimage"},"thumbnailUrl":"https:\/\/kalinowice.schoolpage.pl\/wp-content\/uploads\/2020\/02\/maly-mis.png","datePublished":"2020-01-31T15:25:48+00:00","dateModified":"2020-07-12T11:40:16+00:00","breadcrumb":{"@id":"https:\/\/kalinowice.schoolpage.pl\/index.php\/programy-i-projekty\/#breadcrumb"},"inLanguage":"pl-PL","potentialAction":[{"@type":"ReadAction","target":["https:\/\/kalinowice.schoolpage.pl\/index.php\/programy-i-projekty\/"]}]},{"@type":"ImageObject","inLanguage":"pl-PL","@id":"https:\/\/kalinowice.schoolpage.pl\/index.php\/programy-i-projekty\/#primaryimage","url":"https:\/\/kalinowice.schoolpage.pl\/wp-content\/uploads\/2020\/02\/maly-mis.png","contentUrl":"https:\/\/kalinowice.schoolpage.pl\/wp-content\/uploads\/2020\/02\/maly-mis.png","width":375,"height":500},{"@type":"BreadcrumbList","@id":"https:\/\/kalinowice.schoolpage.pl\/index.php\/programy-i-projekty\/#breadcrumb","itemListElement":[{"@type":"ListItem","position":1,"name":"Strona g\u0142\u00f3wna","item":"https:\/\/kalinowice.schoolpage.pl\/"},{"@type":"ListItem","position":2,"name":"Programy i projekty"}]},{"@type":"WebSite","@id":"https:\/\/kalinowice.schoolpage.pl\/#website","url":"https:\/\/kalinowice.schoolpage.pl\/","name":"Przedszkole w Kalinowicach","description":"Kalinowice 148A, 22-400 Zamo\u015b\u0107","potentialAction":[{"@type":"SearchAction","target":{"@type":"EntryPoint","urlTemplate":"https:\/\/kalinowice.schoolpage.pl\/?s={search_term_string}"},"query-input":{"@type":"PropertyValueSpecification","valueRequired":true,"valueName":"search_term_string"}}],"inLanguage":"pl-PL"}]}},"_links":{"self":[{"href":"https:\/\/kalinowice.schoolpage.pl\/index.php\/wp-json\/wp\/v2\/pages\/25","targetHints":{"allow":["GET"]}}],"collection":[{"href":"https:\/\/kalinowice.schoolpage.pl\/index.php\/wp-json\/wp\/v2\/pages"}],"about":[{"href":"https:\/\/kalinowice.schoolpage.pl\/index.php\/wp-json\/wp\/v2\/types\/page"}],"author":[{"embeddable":true,"href":"https:\/\/kalinowice.schoolpage.pl\/index.php\/wp-json\/wp\/v2\/users\/1"}],"replies":[{"embeddable":true,"href":"https:\/\/kalinowice.schoolpage.pl\/index.php\/wp-json\/wp\/v2\/comments?post=25"}],"version-history":[{"count":6,"href":"https:\/\/kalinowice.schoolpage.pl\/index.php\/wp-json\/wp\/v2\/pages\/25\/revisions"}],"predecessor-version":[{"id":1271,"href":"https:\/\/kalinowice.schoolpage.pl\/index.php\/wp-json\/wp\/v2\/pages\/25\/revisions\/1271"}],"wp:attachment":[{"href":"https:\/\/kalinowice.schoolpage.pl\/index.php\/wp-json\/wp\/v2\/media?parent=25"}],"curies":[{"name":"wp","href":"https:\/\/api.w.org\/{rel}","templated":true}]}}