{"id":21,"date":"2020-01-31T16:25:05","date_gmt":"2020-01-31T15:25:05","guid":{"rendered":"https:\/\/kalinowice.schoolpage.pl\/?page_id=21"},"modified":"2024-03-23T12:20:10","modified_gmt":"2024-03-23T11:20:10","slug":"kadra","status":"publish","type":"page","link":"https:\/\/kalinowice.schoolpage.pl\/index.php\/kadra\/","title":{"rendered":"Kadra"},"content":{"rendered":"\n<p><strong>Dyr. Halina Kwiatkowska<\/strong><br>Cioch Katarzyna-logopeda<br>Duda Iwona-psycholog<br>Gontarz Marzena<br>Jagielska Ewa <br>Kaza\u0144ska Anna<br>Kozak Sylwia<br>Klajn Monika<br>Lupa Edyta<br>Ks. Krzysztof Hawro<br>Mierzwa Miros\u0142awa<br>Mielnicka Agnieszka<br>Magdalena Nowosad<br>Parol Monika<br>Pieczykolan Anna<br>Pintal Beata<br>S\u0142otwi\u0144ska Ma\u0142gorzata<br>Sochan Agnieszka<br>Suszyna Magdalena<br>Teterycz Agata<br>Wierzchowska Marta<br>Zabawska Teresa<\/p>\n\n\n\n<p><\/p>\n","protected":false},"excerpt":{"rendered":"<p>Dyr. Halina KwiatkowskaCioch Katarzyna-logopedaDuda Iwona-psychologGontarz MarzenaJagielska Ewa Kaza\u0144ska AnnaKozak SylwiaKlajn MonikaLupa EdytaKs. Krzysztof HawroMierzwa Miros\u0142awaMielnicka AgnieszkaMagdalena NowosadParol MonikaPieczykolan AnnaPintal BeataS\u0142otwi\u0144ska Ma\u0142gorzataSochan AgnieszkaSuszyna MagdalenaTeterycz AgataWierzchowska MartaZabawska Teresa<\/p>\n","protected":false},"author":1,"featured_media":0,"parent":0,"menu_order":0,"comment_status":"closed","ping_status":"closed","template":"","meta":{"footnotes":""},"class_list":["post-21","page","type-page","status-publish","hentry"],"yoast_head":"<!-- This site is optimized with the Yoast SEO plugin v27.6 - https:\/\/yoast.com\/product\/yoast-seo-wordpress\/ -->\n<title>Kadra - Przedszkole w Kalinowicach<\/title>\n<meta name=\"robots\" content=\"index, follow, max-snippet:-1, max-image-preview:large, max-video-preview:-1\" \/>\n<link rel=\"canonical\" href=\"https:\/\/kalinowice.schoolpage.pl\/index.php\/kadra\/\" \/>\n<meta property=\"og:locale\" content=\"pl_PL\" \/>\n<meta property=\"og:type\" content=\"article\" \/>\n<meta property=\"og:title\" content=\"Kadra - Przedszkole w Kalinowicach\" \/>\n<meta property=\"og:description\" content=\"Dyr. Halina KwiatkowskaCioch Katarzyna-logopedaDuda Iwona-psychologGontarz MarzenaJagielska Ewa Kaza\u0144ska AnnaKozak SylwiaKlajn MonikaLupa EdytaKs. Krzysztof HawroMierzwa Miros\u0142awaMielnicka AgnieszkaMagdalena NowosadParol MonikaPieczykolan AnnaPintal BeataS\u0142otwi\u0144ska Ma\u0142gorzataSochan AgnieszkaSuszyna MagdalenaTeterycz AgataWierzchowska MartaZabawska Teresa\" \/>\n<meta property=\"og:url\" content=\"https:\/\/kalinowice.schoolpage.pl\/index.php\/kadra\/\" \/>\n<meta property=\"og:site_name\" content=\"Przedszkole w Kalinowicach\" \/>\n<meta property=\"article:modified_time\" content=\"2024-03-23T11:20:10+00:00\" \/>\n<meta name=\"twitter:card\" content=\"summary_large_image\" \/>\n<meta name=\"twitter:label1\" content=\"Szacowany czas czytania\" \/>\n\t<meta name=\"twitter:data1\" content=\"1 minuta\" \/>\n<script type=\"application\/ld+json\" class=\"yoast-schema-graph\">{\"@context\":\"https:\\\/\\\/schema.org\",\"@graph\":[{\"@type\":\"WebPage\",\"@id\":\"https:\\\/\\\/kalinowice.schoolpage.pl\\\/index.php\\\/kadra\\\/\",\"url\":\"https:\\\/\\\/kalinowice.schoolpage.pl\\\/index.php\\\/kadra\\\/\",\"name\":\"Kadra - Przedszkole w Kalinowicach\",\"isPartOf\":{\"@id\":\"https:\\\/\\\/kalinowice.schoolpage.pl\\\/#website\"},\"datePublished\":\"2020-01-31T15:25:05+00:00\",\"dateModified\":\"2024-03-23T11:20:10+00:00\",\"breadcrumb\":{\"@id\":\"https:\\\/\\\/kalinowice.schoolpage.pl\\\/index.php\\\/kadra\\\/#breadcrumb\"},\"inLanguage\":\"pl-PL\",\"potentialAction\":[{\"@type\":\"ReadAction\",\"target\":[\"https:\\\/\\\/kalinowice.schoolpage.pl\\\/index.php\\\/kadra\\\/\"]}]},{\"@type\":\"BreadcrumbList\",\"@id\":\"https:\\\/\\\/kalinowice.schoolpage.pl\\\/index.php\\\/kadra\\\/#breadcrumb\",\"itemListElement\":[{\"@type\":\"ListItem\",\"position\":1,\"name\":\"Strona g\u0142\u00f3wna\",\"item\":\"https:\\\/\\\/kalinowice.schoolpage.pl\\\/\"},{\"@type\":\"ListItem\",\"position\":2,\"name\":\"Kadra\"}]},{\"@type\":\"WebSite\",\"@id\":\"https:\\\/\\\/kalinowice.schoolpage.pl\\\/#website\",\"url\":\"https:\\\/\\\/kalinowice.schoolpage.pl\\\/\",\"name\":\"Przedszkole w Kalinowicach\",\"description\":\"Kalinowice 148A, 22-400 Zamo\u015b\u0107\",\"potentialAction\":[{\"@type\":\"SearchAction\",\"target\":{\"@type\":\"EntryPoint\",\"urlTemplate\":\"https:\\\/\\\/kalinowice.schoolpage.pl\\\/?s={search_term_string}\"},\"query-input\":{\"@type\":\"PropertyValueSpecification\",\"valueRequired\":true,\"valueName\":\"search_term_string\"}}],\"inLanguage\":\"pl-PL\"}]}<\/script>\n<!-- \/ Yoast SEO plugin. -->","yoast_head_json":{"title":"Kadra - Przedszkole w Kalinowicach","robots":{"index":"index","follow":"follow","max-snippet":"max-snippet:-1","max-image-preview":"max-image-preview:large","max-video-preview":"max-video-preview:-1"},"canonical":"https:\/\/kalinowice.schoolpage.pl\/index.php\/kadra\/","og_locale":"pl_PL","og_type":"article","og_title":"Kadra - Przedszkole w Kalinowicach","og_description":"Dyr. Halina KwiatkowskaCioch Katarzyna-logopedaDuda Iwona-psychologGontarz MarzenaJagielska Ewa Kaza\u0144ska AnnaKozak SylwiaKlajn MonikaLupa EdytaKs. Krzysztof HawroMierzwa Miros\u0142awaMielnicka AgnieszkaMagdalena NowosadParol MonikaPieczykolan AnnaPintal BeataS\u0142otwi\u0144ska Ma\u0142gorzataSochan AgnieszkaSuszyna MagdalenaTeterycz AgataWierzchowska MartaZabawska Teresa","og_url":"https:\/\/kalinowice.schoolpage.pl\/index.php\/kadra\/","og_site_name":"Przedszkole w Kalinowicach","article_modified_time":"2024-03-23T11:20:10+00:00","twitter_card":"summary_large_image","twitter_misc":{"Szacowany czas czytania":"1 minuta"},"schema":{"@context":"https:\/\/schema.org","@graph":[{"@type":"WebPage","@id":"https:\/\/kalinowice.schoolpage.pl\/index.php\/kadra\/","url":"https:\/\/kalinowice.schoolpage.pl\/index.php\/kadra\/","name":"Kadra - Przedszkole w Kalinowicach","isPartOf":{"@id":"https:\/\/kalinowice.schoolpage.pl\/#website"},"datePublished":"2020-01-31T15:25:05+00:00","dateModified":"2024-03-23T11:20:10+00:00","breadcrumb":{"@id":"https:\/\/kalinowice.schoolpage.pl\/index.php\/kadra\/#breadcrumb"},"inLanguage":"pl-PL","potentialAction":[{"@type":"ReadAction","target":["https:\/\/kalinowice.schoolpage.pl\/index.php\/kadra\/"]}]},{"@type":"BreadcrumbList","@id":"https:\/\/kalinowice.schoolpage.pl\/index.php\/kadra\/#breadcrumb","itemListElement":[{"@type":"ListItem","position":1,"name":"Strona g\u0142\u00f3wna","item":"https:\/\/kalinowice.schoolpage.pl\/"},{"@type":"ListItem","position":2,"name":"Kadra"}]},{"@type":"WebSite","@id":"https:\/\/kalinowice.schoolpage.pl\/#website","url":"https:\/\/kalinowice.schoolpage.pl\/","name":"Przedszkole w Kalinowicach","description":"Kalinowice 148A, 22-400 Zamo\u015b\u0107","potentialAction":[{"@type":"SearchAction","target":{"@type":"EntryPoint","urlTemplate":"https:\/\/kalinowice.schoolpage.pl\/?s={search_term_string}"},"query-input":{"@type":"PropertyValueSpecification","valueRequired":true,"valueName":"search_term_string"}}],"inLanguage":"pl-PL"}]}},"_links":{"self":[{"href":"https:\/\/kalinowice.schoolpage.pl\/index.php\/wp-json\/wp\/v2\/pages\/21","targetHints":{"allow":["GET"]}}],"collection":[{"href":"https:\/\/kalinowice.schoolpage.pl\/index.php\/wp-json\/wp\/v2\/pages"}],"about":[{"href":"https:\/\/kalinowice.schoolpage.pl\/index.php\/wp-json\/wp\/v2\/types\/page"}],"author":[{"embeddable":true,"href":"https:\/\/kalinowice.schoolpage.pl\/index.php\/wp-json\/wp\/v2\/users\/1"}],"replies":[{"embeddable":true,"href":"https:\/\/kalinowice.schoolpage.pl\/index.php\/wp-json\/wp\/v2\/comments?post=21"}],"version-history":[{"count":7,"href":"https:\/\/kalinowice.schoolpage.pl\/index.php\/wp-json\/wp\/v2\/pages\/21\/revisions"}],"predecessor-version":[{"id":2529,"href":"https:\/\/kalinowice.schoolpage.pl\/index.php\/wp-json\/wp\/v2\/pages\/21\/revisions\/2529"}],"wp:attachment":[{"href":"https:\/\/kalinowice.schoolpage.pl\/index.php\/wp-json\/wp\/v2\/media?parent=21"}],"curies":[{"name":"wp","href":"https:\/\/api.w.org\/{rel}","templated":true}]}}