{"id":19,"date":"2020-01-31T16:24:52","date_gmt":"2020-01-31T15:24:52","guid":{"rendered":"https:\/\/kalinowice.schoolpage.pl\/?page_id=19"},"modified":"2023-09-26T18:57:00","modified_gmt":"2023-09-26T16:57:00","slug":"o-nas","status":"publish","type":"page","link":"https:\/\/kalinowice.schoolpage.pl\/index.php\/o-nas\/","title":{"rendered":"O nas"},"content":{"rendered":"\n<p><strong>\u015arodowisko geograficzne i spo\u0142eczne, w kt\u00f3rym funkcjonuje przedszkole<\/strong><br>      Kalinowice \u2013wie\u015b le\u017c\u0105ca w po\u0142udniowo- wschodniej cz\u0119\u015bci Lubelszczyzny i \u015brodkowej powiatu zamojskiego . Nale\u017cy do Gminy Zamo\u015b\u0107. Jest to wie\u015b bardzo stara, pierwsze o niej zapiski pochodz\u0105 z 1434 roku. Z dokument\u00f3w wynika, \u017ce  1517 r. wie\u015b zosta\u0142a odkupiona od Jana Niemierzy-Ostrowskiego  za 1000 floren\u00f3w przez Miko\u0142aja i Feliks\u0119 Zamoyskich dziadk\u00f3w Hetmana Jana Zamoyskiego , za\u0142o\u017cyciela miasta Zamo\u015bcia.<br> Od pewnego czasu zdecydowanie zmieni\u0142o si\u0119 zagospodarowanie przestrzenne miejscowo\u015bci. Mo\u017cna \u015bmia\u0142o powiedzie\u0107, i\u017c wie\u015b zmieni\u0142a si\u0119 w podmiejskie osiedle. Teren \u201em\u0142odnieje\u201d, pojawiaj\u0105 si\u0119 nowi mieszka\u0144cy, z kt\u00f3rych wi\u0119kszo\u015b\u0107 pracuje w Zamo\u015bciu, b\u0105d\u017a prowadzi w\u0142asn\u0105 dzia\u0142alno\u015b\u0107 gospodarcz\u0105. Tylko starsi mieszka\u0144cy i to ju\u017c nie liczni utrzymuj\u0105 si\u0119 prowadz\u0105c indywidualne gospodarstwa rolne.<br> Nasze przedszkole zosta\u0142o utworzone 1975 roku. Do 2002r. mie\u015bci\u0142o si\u0119  w budynku adaptowanym po by\u0142ej Gromadzkiej Radzie Narodowej. Rok szkolny 2002\/2003 przedszkole rozpocz\u0119\u0142o sw\u0105 dzia\u0142alno\u015b\u0107 w nowym budynku wraz ze szko\u0142\u0105 podstawow\u0105 pod wsp\u00f3ln\u0105 nazw\u0105 &#8211; Zesp\u00f3\u0142 Szko\u0142y Podstawowej  i Przedszkola w Kalinowicach.   <br> Przedszkole posiada 6 sal dydaktycznych bogato wyposa\u017canych w meble i pomoce dydaktyczne, hol , szatnie, plac zabaw oraz pomieszczenia wsp\u00f3lne ze szko\u0142\u0105 : sto\u0142\u00f3wk\u0119, \u015bwietlic\u0119 gabinet pomocy medycznej, bibliotek\u0119, sal\u0119 gimnastyczn\u0105.<br> Do przedszkola ucz\u0119szczaj\u0105 dzieci w wieku 3 \u2013 6 lat. Plac\u00f3wka czynna jest od poniedzia\u0142ku do pi\u0105tku w godzinach: 6.30 &#8211; 16.30.<\/p>\n\n\n\n<p>Kadra pedagogiczna posiada kwalifikacje niezb\u0119dne do pracy na stanowisku nauczyciela wychowania przedszkolnego oraz dodatkowe kwalifikacje w zakresie edukacji wczesnoszkolnej. Praca wychowawczo-dydaktyczna planowana jest zgodnie z Podstaw\u0105 Programow\u0105 Wychowania Przedszkolnego (za\u0142. nr 1 do rozporz\u0105dzenia MEN z 23 grudnia 2008 r.). Wieloletnie do\u015bwiadczenia, osi\u0105gane sukcesy, zmotywowa\u0142y nas <br>\ndo rozpropagowania idei ekologii, zdrowego stylu \u017cycia i rado\u015bci z odkrywania \u015bwiata przy wsp\u00f3\u0142pracy z rodzicami i \u015brodowiskiem lokalnym. <\/p>\n\n\n\n<p>Wobec dzieci i rodzic\u00f3w pe\u0142nimy rol\u0119 wspomagaj\u0105c\u0105 i integruj\u0105c\u0105 spo\u0142eczno\u015b\u0107 lokaln\u0105.<\/p>\n\n\n\n<p>W realizacj\u0119 naszej misji zaanga\u017cowany jest ca\u0142y personel pedagogiczny, administracyjno \u2013 obs\u0142ugowy, jak r\u00f3wnie\u017c rodzice, a efektem naszej wsp\u00f3lnej pracy jest przedszkole, w kt\u00f3rym dzieci czuj\u0105 si\u0119 wa\u017cne, bezpieczne i akceptowane.                         <br>\nGrupy posiadaj\u0105 swoje nazwy, kt\u00f3re zwi\u0105zane s\u0105 ze \u015brodowiskiem przyrodniczym naszego kraju:<\/p>\n\n\n\n<p><\/p>\n\n\n\n<p><strong>Grupa  \u201eMisie\u201d(3 -latki)<\/strong><br> Nauczyciele pracuj\u0105cy w grupie:  <\/p>\n\n\n\n<p>Miros\u0142awa Mierzwa, Magdalena Suszyna, Ewa Jagielska, Sylwia Kozak, Ks. Krzysztof Hawro<\/p>\n\n\n\n<p><strong>Grupa &#8222;Je\u017cyki&#8221; (3-4 latki)<\/strong><br> Nauczyciele pracuj\u0105cy w grupie:   <br>Magdalena Nowosad, Magdalena Suszyna, Ewa Jagielska, Sylwia Kozak, Ks. Krzysztof Hawro<\/p>\n\n\n\n<p><strong>Grupa  \u201eWiewi\u00f3rki\u201d(4 &#8211; latki)  <\/strong><br> Nauczyciele pracuj\u0105cy w grupie:<br>   Beata Pintal,Agnieszka Mielnicka, Sylwia Kozak,  Ewa Jagielska, Ks. Krzysztof Hawro<\/p>\n\n\n\n<p><strong>Grupa  \u201eZaj\u0105czki\u201d (5 &#8211; latki)<\/strong><br> Nauczyciele pracuj\u0105cy w grupie:                                              <br> Anna Pieczykolan, Agnieszka Sochan , Ewa Jagielska, Sylwia Kozak, Ks. Krzysztof Hawro<\/p>\n\n\n\n<p><\/p>\n\n\n\n<p><strong>Grupa  \u201eBiedronki\u201d (5-6 -latki)<\/strong><br> Nauczyciele pracuj\u0105cy w grupie: <\/p>\n\n\n\n<p>Marzena Gontarz,Ma\u0142gorzata S\u0142otwi\u0144ska, Ewa Jagielska,Sylwia Kozak, Ks. Krzysztof Hawro<\/p>\n\n\n\n<p><strong>Grupa  &#8222;Motylki&#8221; (5-6 -latki)<\/strong><br> Nauczyciele pracuj\u0105cy w grupie:<br> Anna Kaza\u0144ska, Agnieszka Sochan, Ewa Jagielska, Sylwia Kozak, Ks. Krzysztof Hawro<\/p>\n\n\n\n<p><strong>Grupa  \u201e\u017babki\u201d(6-latki)<\/strong><br> Nauczyciele pracuj\u0105cy w grupie:                                   <br> Monika Parol, Teresa Zabawska, Agata Teterycz, Ewa Jagielska, Sylwia Kozak, Ks. Krzysztof Hawro  <\/p>\n\n\n\n<p><\/p>\n\n\n\n<p><\/p>\n\n\n\n<p><br><\/p>\n","protected":false},"excerpt":{"rendered":"<p>\u015arodowisko geograficzne i spo\u0142eczne, w kt\u00f3rym funkcjonuje przedszkole Kalinowice \u2013wie\u015b le\u017c\u0105ca w po\u0142udniowo- wschodniej cz\u0119\u015bci Lubelszczyzny i \u015brodkowej powiatu zamojskiego . Nale\u017cy do Gminy Zamo\u015b\u0107. Jest to wie\u015b bardzo stara, pierwsze o niej zapiski pochodz\u0105 z 1434 roku. Z dokument\u00f3w<\/p>\n","protected":false},"author":1,"featured_media":0,"parent":0,"menu_order":0,"comment_status":"closed","ping_status":"closed","template":"","meta":{"footnotes":""},"class_list":["post-19","page","type-page","status-publish","hentry"],"yoast_head":"<!-- This site is optimized with the Yoast SEO plugin v27.6 - https:\/\/yoast.com\/product\/yoast-seo-wordpress\/ -->\n<title>O nas - Przedszkole w Kalinowicach<\/title>\n<meta name=\"robots\" content=\"index, follow, max-snippet:-1, max-image-preview:large, max-video-preview:-1\" \/>\n<link rel=\"canonical\" href=\"https:\/\/kalinowice.schoolpage.pl\/index.php\/o-nas\/\" \/>\n<meta property=\"og:locale\" content=\"pl_PL\" \/>\n<meta property=\"og:type\" content=\"article\" \/>\n<meta property=\"og:title\" content=\"O nas - Przedszkole w Kalinowicach\" \/>\n<meta property=\"og:description\" content=\"\u015arodowisko geograficzne i spo\u0142eczne, w kt\u00f3rym funkcjonuje przedszkole Kalinowice \u2013wie\u015b le\u017c\u0105ca w po\u0142udniowo- wschodniej cz\u0119\u015bci Lubelszczyzny i \u015brodkowej powiatu zamojskiego . Nale\u017cy do Gminy Zamo\u015b\u0107. Jest to wie\u015b bardzo stara, pierwsze o niej zapiski pochodz\u0105 z 1434 roku. Z dokument\u00f3w\" \/>\n<meta property=\"og:url\" content=\"https:\/\/kalinowice.schoolpage.pl\/index.php\/o-nas\/\" \/>\n<meta property=\"og:site_name\" content=\"Przedszkole w Kalinowicach\" \/>\n<meta property=\"article:modified_time\" content=\"2023-09-26T16:57:00+00:00\" \/>\n<meta name=\"twitter:card\" content=\"summary_large_image\" \/>\n<meta name=\"twitter:label1\" content=\"Szacowany czas czytania\" \/>\n\t<meta name=\"twitter:data1\" content=\"3 minuty\" \/>\n<script type=\"application\/ld+json\" class=\"yoast-schema-graph\">{\"@context\":\"https:\\\/\\\/schema.org\",\"@graph\":[{\"@type\":\"WebPage\",\"@id\":\"https:\\\/\\\/kalinowice.schoolpage.pl\\\/index.php\\\/o-nas\\\/\",\"url\":\"https:\\\/\\\/kalinowice.schoolpage.pl\\\/index.php\\\/o-nas\\\/\",\"name\":\"O nas - Przedszkole w Kalinowicach\",\"isPartOf\":{\"@id\":\"https:\\\/\\\/kalinowice.schoolpage.pl\\\/#website\"},\"datePublished\":\"2020-01-31T15:24:52+00:00\",\"dateModified\":\"2023-09-26T16:57:00+00:00\",\"breadcrumb\":{\"@id\":\"https:\\\/\\\/kalinowice.schoolpage.pl\\\/index.php\\\/o-nas\\\/#breadcrumb\"},\"inLanguage\":\"pl-PL\",\"potentialAction\":[{\"@type\":\"ReadAction\",\"target\":[\"https:\\\/\\\/kalinowice.schoolpage.pl\\\/index.php\\\/o-nas\\\/\"]}]},{\"@type\":\"BreadcrumbList\",\"@id\":\"https:\\\/\\\/kalinowice.schoolpage.pl\\\/index.php\\\/o-nas\\\/#breadcrumb\",\"itemListElement\":[{\"@type\":\"ListItem\",\"position\":1,\"name\":\"Strona g\u0142\u00f3wna\",\"item\":\"https:\\\/\\\/kalinowice.schoolpage.pl\\\/\"},{\"@type\":\"ListItem\",\"position\":2,\"name\":\"O nas\"}]},{\"@type\":\"WebSite\",\"@id\":\"https:\\\/\\\/kalinowice.schoolpage.pl\\\/#website\",\"url\":\"https:\\\/\\\/kalinowice.schoolpage.pl\\\/\",\"name\":\"Przedszkole w Kalinowicach\",\"description\":\"Kalinowice 148A, 22-400 Zamo\u015b\u0107\",\"potentialAction\":[{\"@type\":\"SearchAction\",\"target\":{\"@type\":\"EntryPoint\",\"urlTemplate\":\"https:\\\/\\\/kalinowice.schoolpage.pl\\\/?s={search_term_string}\"},\"query-input\":{\"@type\":\"PropertyValueSpecification\",\"valueRequired\":true,\"valueName\":\"search_term_string\"}}],\"inLanguage\":\"pl-PL\"}]}<\/script>\n<!-- \/ Yoast SEO plugin. -->","yoast_head_json":{"title":"O nas - Przedszkole w Kalinowicach","robots":{"index":"index","follow":"follow","max-snippet":"max-snippet:-1","max-image-preview":"max-image-preview:large","max-video-preview":"max-video-preview:-1"},"canonical":"https:\/\/kalinowice.schoolpage.pl\/index.php\/o-nas\/","og_locale":"pl_PL","og_type":"article","og_title":"O nas - Przedszkole w Kalinowicach","og_description":"\u015arodowisko geograficzne i spo\u0142eczne, w kt\u00f3rym funkcjonuje przedszkole Kalinowice \u2013wie\u015b le\u017c\u0105ca w po\u0142udniowo- wschodniej cz\u0119\u015bci Lubelszczyzny i \u015brodkowej powiatu zamojskiego . Nale\u017cy do Gminy Zamo\u015b\u0107. Jest to wie\u015b bardzo stara, pierwsze o niej zapiski pochodz\u0105 z 1434 roku. Z dokument\u00f3w","og_url":"https:\/\/kalinowice.schoolpage.pl\/index.php\/o-nas\/","og_site_name":"Przedszkole w Kalinowicach","article_modified_time":"2023-09-26T16:57:00+00:00","twitter_card":"summary_large_image","twitter_misc":{"Szacowany czas czytania":"3 minuty"},"schema":{"@context":"https:\/\/schema.org","@graph":[{"@type":"WebPage","@id":"https:\/\/kalinowice.schoolpage.pl\/index.php\/o-nas\/","url":"https:\/\/kalinowice.schoolpage.pl\/index.php\/o-nas\/","name":"O nas - Przedszkole w Kalinowicach","isPartOf":{"@id":"https:\/\/kalinowice.schoolpage.pl\/#website"},"datePublished":"2020-01-31T15:24:52+00:00","dateModified":"2023-09-26T16:57:00+00:00","breadcrumb":{"@id":"https:\/\/kalinowice.schoolpage.pl\/index.php\/o-nas\/#breadcrumb"},"inLanguage":"pl-PL","potentialAction":[{"@type":"ReadAction","target":["https:\/\/kalinowice.schoolpage.pl\/index.php\/o-nas\/"]}]},{"@type":"BreadcrumbList","@id":"https:\/\/kalinowice.schoolpage.pl\/index.php\/o-nas\/#breadcrumb","itemListElement":[{"@type":"ListItem","position":1,"name":"Strona g\u0142\u00f3wna","item":"https:\/\/kalinowice.schoolpage.pl\/"},{"@type":"ListItem","position":2,"name":"O nas"}]},{"@type":"WebSite","@id":"https:\/\/kalinowice.schoolpage.pl\/#website","url":"https:\/\/kalinowice.schoolpage.pl\/","name":"Przedszkole w Kalinowicach","description":"Kalinowice 148A, 22-400 Zamo\u015b\u0107","potentialAction":[{"@type":"SearchAction","target":{"@type":"EntryPoint","urlTemplate":"https:\/\/kalinowice.schoolpage.pl\/?s={search_term_string}"},"query-input":{"@type":"PropertyValueSpecification","valueRequired":true,"valueName":"search_term_string"}}],"inLanguage":"pl-PL"}]}},"_links":{"self":[{"href":"https:\/\/kalinowice.schoolpage.pl\/index.php\/wp-json\/wp\/v2\/pages\/19","targetHints":{"allow":["GET"]}}],"collection":[{"href":"https:\/\/kalinowice.schoolpage.pl\/index.php\/wp-json\/wp\/v2\/pages"}],"about":[{"href":"https:\/\/kalinowice.schoolpage.pl\/index.php\/wp-json\/wp\/v2\/types\/page"}],"author":[{"embeddable":true,"href":"https:\/\/kalinowice.schoolpage.pl\/index.php\/wp-json\/wp\/v2\/users\/1"}],"replies":[{"embeddable":true,"href":"https:\/\/kalinowice.schoolpage.pl\/index.php\/wp-json\/wp\/v2\/comments?post=19"}],"version-history":[{"count":5,"href":"https:\/\/kalinowice.schoolpage.pl\/index.php\/wp-json\/wp\/v2\/pages\/19\/revisions"}],"predecessor-version":[{"id":2447,"href":"https:\/\/kalinowice.schoolpage.pl\/index.php\/wp-json\/wp\/v2\/pages\/19\/revisions\/2447"}],"wp:attachment":[{"href":"https:\/\/kalinowice.schoolpage.pl\/index.php\/wp-json\/wp\/v2\/media?parent=19"}],"curies":[{"name":"wp","href":"https:\/\/api.w.org\/{rel}","templated":true}]}}